{"id":14,"date":"2016-04-12T22:19:12","date_gmt":"2016-04-12T20:19:12","guid":{"rendered":"https:\/\/www.liebevolle-kinderzeit.de\/?page_id=14"},"modified":"2023-11-20T10:28:28","modified_gmt":"2023-11-20T09:28:28","slug":"informationen","status":"publish","type":"page","link":"https:\/\/www.liebevolle-kinderzeit.de\/?page_id=14","title":{"rendered":"Informationen"},"content":{"rendered":"<div id=\"pl-14\"  class=\"panel-layout\" ><div id=\"pg-14-0\"  class=\"panel-grid panel-has-style\" ><div class=\"siteorigin-panels-stretch panel-row-style panel-row-style-for-14-0\" data-stretch-type=\"full\" ><div id=\"pgc-14-0-0\"  class=\"panel-grid-cell\" ><div id=\"panel-14-0-0-0\" class=\"so-panel widget widget_shapely_home_features shapely_home_features panel-first-child\" data-index=\"0\" >\t\t<section>\r\n\t\t\t<div class=\"container\">\r\n\t\t\t\t<div class=\"row\">\r\n\t\t\t\t\t<div class=\"col-sm-12 text-center\">\r\n\t\t\t\t\t\t<h3 class=\"mb16\"><\/h3>\r\n\t\t\t\t\t\t<p class=\"mb64\"><\/p>\r\n\t\t\t\t\t<\/div>\r\n\t\t\t\t<\/div>\r\n\t\t\t\t<!--end of row-->\r\n\t\t\t\t<div class=\"row\">\t\t\t\t\t\t\t<div class=\"col-sm-4\">\r\n\t\t\t\t\t\t\t<div class=\"feature feature-1\">\r\n\t\t\t\t\t\t\t\t<div class=\"text-center\">\r\n\t\t\t\t\t\t\t\t\t<i class=\"fa fa-thumbs-up\"><\/i>\r\n\t\t\t\t\t\t\t\t\t<h4>Zweck des Vereins<\/h4>\r\n\t\t\t\t\t\t\t\t<\/div>\r\n\t\t\t\t\t\t\t\t<p>Ausz\u00fcge aus der Satzung:\n\n&quot;Der Zweck des Vereins besteht in der F\u00f6rderung der Familie und der Gleichberechtigung von Mann und Frau. Speziell soll M\u00fcttern von Kleinkindern der Einstieg bzw. Wiedereinstieg in den Beruf erm\u00f6glicht werden... Die Umsetzung des Zwecks erfolgt in enger Zusammenarbeit mit der Katholischen Kirchengemeinde St. Pankratius.&quot;<\/p>\r\n\t\t\t\t\t\t\t<\/div>\r\n\t\t\t\t\t\t\t<!--end of feature-->\r\n\t\t\t\t\t\t\t<\/div>\t\t\t\t\t\t\t<div class=\"col-sm-4\">\r\n\t\t\t\t\t\t\t<div class=\"feature feature-1\">\r\n\t\t\t\t\t\t\t\t<div class=\"text-center\">\r\n\t\t\t\t\t\t\t\t\t<i class=\"fa fa-clock-o\"><\/i>\r\n\t\t\t\t\t\t\t\t\t<h4>Betreuungszeiten<\/h4>\r\n\t\t\t\t\t\t\t\t<\/div>\r\n\t\t\t\t\t\t\t\t<p>Die Betreuung findet jeweils Montag bis Freitag von 8:00 bis 15:00 Uhr statt. Es gibt lediglich eine zweiw\u00f6chige Schlie\u00dfungszeit in den Sommerferien, sowie eine Pause zwischen Weihnachten und Neujahr.<\/p>\r\n\t\t\t\t\t\t\t<\/div>\r\n\t\t\t\t\t\t\t<!--end of feature-->\r\n\t\t\t\t\t\t\t<\/div>\t\t\t\t\t\t\t<div class=\"col-sm-4\">\r\n\t\t\t\t\t\t\t<div class=\"feature feature-1\">\r\n\t\t\t\t\t\t\t\t<div class=\"text-center\">\r\n\t\t\t\t\t\t\t\t\t<i class=\"fa fa-home\"><\/i>\r\n\t\t\t\t\t\t\t\t\t<h4>R\u00e4umlichkeiten<\/h4>\r\n\t\t\t\t\t\t\t\t<\/div>\r\n\t\t\t\t\t\t\t\t<p>Die Betreuung findet in unseren R\u00e4umlichkeiten im Holunderweg auf 217 qm sowie in der Wiethasestra\u00dfe auf 300 qm statt. Ein sehr gro\u00dfer Raum stellt jeweils den eigentlichen Gruppenraum dar. Zudem gibt es eine separate K\u00fcche, einen Tobe- und Bewegungsraum sowie zwei Schlafr\u00e4ume und Kindertoiletten.<\/p>\r\n\t\t\t\t\t\t\t<\/div>\r\n\t\t\t\t\t\t\t<!--end of feature-->\r\n\t\t\t\t\t\t\t<\/div>\t\t\t\t<\/div>\r\n\t\t\t\t<!--end of row-->\r\n\t\t\t<\/div>\r\n\t\t\t<!--end of container-->\r\n\t\t<\/section>\r\n\r\n\r\n\t\t<\/div><div id=\"panel-14-0-0-1\" class=\"so-panel widget widget_sow-button panel-last-child\" data-index=\"1\" ><div class=\"panel-widget-style panel-widget-style-for-14-0-0-1\" ><div\n\t\t\t\n\t\t\tclass=\"so-widget-sow-button so-widget-sow-button-flat-afc23b6ffb6c-14\"\n\t\t\t\n\t\t><div class=\"ow-button-base ow-button-align-center\">\n\t<a\n\thref=\"https:\/\/www.liebevolle-kinderzeit.de\/?page_id=608\"\n\t\tclass=\"ow-icon-placement-left ow-button-hover\" \t>\n\t\t<span>\n\t\t\t\n\t\t\tEindr\u00fccke unserer beiden Einrichtungen\t\t<\/span>\n\t<\/a>\n<\/div>\n<\/div><\/div><\/div><\/div><\/div><\/div><div id=\"pg-14-1\"  class=\"panel-grid panel-has-style\" ><div class=\"siteorigin-panels-stretch panel-row-style panel-row-style-for-14-1\" data-stretch-type=\"full\" ><div id=\"pgc-14-1-0\"  class=\"panel-grid-cell\" ><div id=\"panel-14-1-0-0\" class=\"so-panel widget widget_shapely_home_features shapely_home_features panel-first-child panel-last-child\" data-index=\"2\" >\t\t<section>\r\n\t\t\t<div class=\"container\">\r\n\t\t\t\t<div class=\"row\">\r\n\t\t\t\t\t<div class=\"col-sm-12 text-center\">\r\n\t\t\t\t\t\t<h3 class=\"mb16\"><\/h3>\r\n\t\t\t\t\t\t<p class=\"mb64\"><\/p>\r\n\t\t\t\t\t<\/div>\r\n\t\t\t\t<\/div>\r\n\t\t\t\t<!--end of row-->\r\n\t\t\t\t<div class=\"row\">\t\t\t\t\t\t\t<div class=\"col-sm-4\">\r\n\t\t\t\t\t\t\t<div class=\"feature feature-1\">\r\n\t\t\t\t\t\t\t\t<div class=\"text-center\">\r\n\t\t\t\t\t\t\t\t\t<i class=\"fa fa-tags\"><\/i>\r\n\t\t\t\t\t\t\t\t\t<h4>Kosten<\/h4>\r\n\t\t\t\t\t\t\t\t<\/div>\r\n\t\t\t\t\t\t\t\t<p>Der Vereinsbeitrag einschlie\u00dflich Verpflegung wie Fr\u00fchst\u00fcck und Mittagessen betr\u00e4gt f\u00fcr jedes betreute Kind 168,- \u20ac monatlich. Hinzu kommt der einkommensabh\u00e4ngige Betreuungsbeitrag, der durch die Stadt K\u00f6ln eingefordert wird. Das Mittagessen wird \u00fcbrigens vom Cateringservice Appetito geliefert.<\/p>\r\n\t\t\t\t\t\t\t<\/div>\r\n\t\t\t\t\t\t\t<!--end of feature-->\r\n\t\t\t\t\t\t\t<\/div>\t\t\t\t\t\t\t<div class=\"col-sm-4\">\r\n\t\t\t\t\t\t\t<div class=\"feature feature-1\">\r\n\t\t\t\t\t\t\t\t<div class=\"text-center\">\r\n\t\t\t\t\t\t\t\t\t<i class=\"fa fa-comments\"><\/i>\r\n\t\t\t\t\t\t\t\t\t<h4>Zusammenarbeit mit den Eltern<\/h4>\r\n\t\t\t\t\t\t\t\t<\/div>\r\n\t\t\t\t\t\t\t\t<p>Es finden regelm\u00e4\u00dfige Elternabende statt. Zudem gibt es gemeinsame Feiern und Ausfl\u00fcge. Des weiteren gibt es einen t\u00e4glichen Austausch zwischen den Betreuerinnen und den Eltern, sowie individuelle Elterngespr\u00e4che und Beratungen durch die Leitung.<\/p>\r\n\t\t\t\t\t\t\t<\/div>\r\n\t\t\t\t\t\t\t<!--end of feature-->\r\n\t\t\t\t\t\t\t<\/div>\t\t\t\t\t\t\t<div class=\"col-sm-4\">\r\n\t\t\t\t\t\t\t<div class=\"feature feature-1\">\r\n\t\t\t\t\t\t\t\t<div class=\"text-center\">\r\n\t\t\t\t\t\t\t\t\t<i class=\"fa fa-link\"><\/i>\r\n\t\t\t\t\t\t\t\t\t<h4>Kooperation und Vernetzung<\/h4>\r\n\t\t\t\t\t\t\t\t<\/div>\r\n\t\t\t\t\t\t\t\t<p>Der Betreuungsverein ist ein Angebot des Familienzentrums des Kirchengemeinschaftsverbandes St. Pankratius \/ St. Vitalis. Die bestehenden katholischen Kindertagesst\u00e4tten stehen in enger Kooperation mit dem Betreuungsverein.<\/p>\r\n\t\t\t\t\t\t\t<\/div>\r\n\t\t\t\t\t\t\t<!--end of feature-->\r\n\t\t\t\t\t\t\t<\/div>\t\t\t\t<\/div>\r\n\t\t\t\t<!--end of row-->\r\n\t\t\t<\/div>\r\n\t\t\t<!--end of container-->\r\n\t\t<\/section>\r\n\r\n\r\n\t\t<\/div><\/div><\/div><\/div><div id=\"pg-14-2\"  class=\"panel-grid panel-no-style\" ><div id=\"pgc-14-2-0\"  class=\"panel-grid-cell panel-grid-cell-mobile-last\" ><div id=\"panel-14-2-0-0\" class=\"so-panel widget widget_sow-editor panel-first-child\" data-index=\"3\" ><div\n\t\t\t\n\t\t\tclass=\"so-widget-sow-editor so-widget-sow-editor-base\"\n\t\t\t\n\t\t><h3 class=\"widget-title\">An einem Betreuungsplatz interessiert?<\/h3>\n<div class=\"siteorigin-widget-tinymce textwidget\">\n\t<p>Bei Interesse an einem Betreuungsplatz in der Liebevollen Kinderzeit nehmen Sie bitte telefonisch oder per Mail Kontakt mit uns auf. Wir freuen uns von Ihnen zu h\u00f6ren! \ud83d\ude42<\/p>\n<\/div>\n<\/div><\/div><div id=\"panel-14-2-0-1\" class=\"so-panel widget widget_sow-button panel-last-child\" data-index=\"4\" ><div class=\"panel-widget-style panel-widget-style-for-14-2-0-1\" ><div\n\t\t\t\n\t\t\tclass=\"so-widget-sow-button so-widget-sow-button-flat-b6b11f26bd11-14\"\n\t\t\t\n\t\t><div class=\"ow-button-base ow-button-align-left\">\n\t<a\n\thref=\"https:\/\/www.liebevolle-kinderzeit.de\/?page_id=20\"\n\t\tclass=\"ow-icon-placement-left ow-button-hover\" \t>\n\t\t<span>\n\t\t\t\n\t\t\tZum Kontakt\t\t<\/span>\n\t<\/a>\n<\/div>\n<\/div><\/div><\/div><\/div><div id=\"pgc-14-2-1\"  class=\"panel-grid-cell panel-grid-cell-empty\" ><\/div><\/div><\/div>","protected":false},"excerpt":{"rendered":"<p>Zweck des Vereins Ausz\u00fcge aus der Satzung: &quot;Der Zweck des Vereins besteht in der F\u00f6rderung der Familie und der Gleichberechtigung von Mann und Frau. Speziell soll M\u00fcttern von Kleinkindern der Einstieg bzw. Wiedereinstieg in den Beruf erm\u00f6glicht werden&#8230; Die Umsetzung des Zwecks erfolgt in enger Zusammenarbeit mit der Katholischen Kirchengemeinde St. Pankratius.&quot; Betreuungszeiten Die Betreuung<\/p>\n<div><a class=\"btn-filled btn\" href=\"https:\/\/www.liebevolle-kinderzeit.de\/?page_id=14\" title=\"Informationen\">Read More<\/a><\/div>\n","protected":false},"author":1,"featured_media":0,"parent":0,"menu_order":4,"comment_status":"closed","ping_status":"closed","template":"page-templates\/full-width.php","meta":{"footnotes":""},"class_list":["post-14","page","type-page","status-publish","hentry"],"_links":{"self":[{"href":"https:\/\/www.liebevolle-kinderzeit.de\/index.php?rest_route=\/wp\/v2\/pages\/14","targetHints":{"allow":["GET"]}}],"collection":[{"href":"https:\/\/www.liebevolle-kinderzeit.de\/index.php?rest_route=\/wp\/v2\/pages"}],"about":[{"href":"https:\/\/www.liebevolle-kinderzeit.de\/index.php?rest_route=\/wp\/v2\/types\/page"}],"author":[{"embeddable":true,"href":"https:\/\/www.liebevolle-kinderzeit.de\/index.php?rest_route=\/wp\/v2\/users\/1"}],"replies":[{"embeddable":true,"href":"https:\/\/www.liebevolle-kinderzeit.de\/index.php?rest_route=%2Fwp%2Fv2%2Fcomments&post=14"}],"version-history":[{"count":32,"href":"https:\/\/www.liebevolle-kinderzeit.de\/index.php?rest_route=\/wp\/v2\/pages\/14\/revisions"}],"predecessor-version":[{"id":1008,"href":"https:\/\/www.liebevolle-kinderzeit.de\/index.php?rest_route=\/wp\/v2\/pages\/14\/revisions\/1008"}],"wp:attachment":[{"href":"https:\/\/www.liebevolle-kinderzeit.de\/index.php?rest_route=%2Fwp%2Fv2%2Fmedia&parent=14"}],"curies":[{"name":"wp","href":"https:\/\/api.w.org\/{rel}","templated":true}]}}