{"id":20,"date":"2016-04-12T22:20:35","date_gmt":"2016-04-12T20:20:35","guid":{"rendered":"https:\/\/www.liebevolle-kinderzeit.de\/?page_id=20"},"modified":"2023-11-19T13:24:14","modified_gmt":"2023-11-19T12:24:14","slug":"kontakt","status":"publish","type":"page","link":"https:\/\/www.liebevolle-kinderzeit.de\/?page_id=20","title":{"rendered":"Kontakt"},"content":{"rendered":"<div>\n<h3 style=\"text-align: left;\">\u00a0<\/h3>\n<h3 style=\"text-align: left;\"><strong>Liebevolle Kinderzeit e.V.<\/strong><\/h3>\n<p><strong>Leitung: Christiane Dahl<br \/><br \/><\/strong><a href=\"tel:+491781473727\">Telefon: 0178 &#8211; 1 47 37 27<\/a><br \/><br \/><a href=\"mailto:kontakt@liebevolle-kinderzeit.de\">Mail: kontakt@liebevolle-kinderzeit.de<\/a><\/p>\n<h3>\u00a0<\/h3>\n<h3 style=\"text-align: left;\"><strong>Unsere zwei Standorte:<\/strong><\/h3>\n<p><a href=\"https:\/\/maps.app.goo.gl\/1fWy9uYekxvjsPQs7\">Holunderweg 27<br \/>50858 K\u00f6ln<\/a><br \/><span id=\"dS6\"><\/span><\/p>\n<p><a href=\"\/\/www.google.de\/maps\/place\/Wiethasestr+52,+50933+Koeln\">Wiethasestra\u00dfe 52<br \/>50933 K\u00f6ln<\/a><\/p>\n<\/div>\n\n\n<p><\/p>\n","protected":false},"excerpt":{"rendered":"<p>\u00a0 Liebevolle Kinderzeit e.V. Leitung: Christiane Dahl Telefon: 0178 &#8211; 1 47 37 27 Mail: kontakt@liebevolle-kinderzeit.de \u00a0 Unsere zwei Standorte: Holunderweg 2750858 K\u00f6ln Wiethasestra\u00dfe 5250933 K\u00f6ln<\/p>\n","protected":false},"author":1,"featured_media":0,"parent":0,"menu_order":7,"comment_status":"closed","ping_status":"closed","template":"","meta":{"footnotes":""},"class_list":["post-20","page","type-page","status-publish","hentry"],"_links":{"self":[{"href":"https:\/\/www.liebevolle-kinderzeit.de\/index.php?rest_route=\/wp\/v2\/pages\/20","targetHints":{"allow":["GET"]}}],"collection":[{"href":"https:\/\/www.liebevolle-kinderzeit.de\/index.php?rest_route=\/wp\/v2\/pages"}],"about":[{"href":"https:\/\/www.liebevolle-kinderzeit.de\/index.php?rest_route=\/wp\/v2\/types\/page"}],"author":[{"embeddable":true,"href":"https:\/\/www.liebevolle-kinderzeit.de\/index.php?rest_route=\/wp\/v2\/users\/1"}],"replies":[{"embeddable":true,"href":"https:\/\/www.liebevolle-kinderzeit.de\/index.php?rest_route=%2Fwp%2Fv2%2Fcomments&post=20"}],"version-history":[{"count":25,"href":"https:\/\/www.liebevolle-kinderzeit.de\/index.php?rest_route=\/wp\/v2\/pages\/20\/revisions"}],"predecessor-version":[{"id":1022,"href":"https:\/\/www.liebevolle-kinderzeit.de\/index.php?rest_route=\/wp\/v2\/pages\/20\/revisions\/1022"}],"wp:attachment":[{"href":"https:\/\/www.liebevolle-kinderzeit.de\/index.php?rest_route=%2Fwp%2Fv2%2Fmedia&parent=20"}],"curies":[{"name":"wp","href":"https:\/\/api.w.org\/{rel}","templated":true}]}}