{"id":499,"date":"2019-01-16T17:07:41","date_gmt":"2019-01-16T16:07:41","guid":{"rendered":"http:\/\/www.liebevolle-kinderzeit.de\/?page_id=499"},"modified":"2023-11-19T13:15:31","modified_gmt":"2023-11-19T12:15:31","slug":"ueber-uns","status":"publish","type":"page","link":"https:\/\/www.liebevolle-kinderzeit.de\/?page_id=499","title":{"rendered":"\u00dcber uns"},"content":{"rendered":"<div id=\"pl-499\"  class=\"panel-layout\" ><div id=\"pg-499-0\"  class=\"panel-grid panel-no-style\" ><div id=\"pgc-499-0-0\"  class=\"panel-grid-cell panel-grid-cell-empty\" ><\/div><div id=\"pgc-499-0-1\"  class=\"panel-grid-cell panel-grid-cell-empty panel-grid-cell-mobile-last\" ><\/div><div id=\"pgc-499-0-2\"  class=\"panel-grid-cell panel-grid-cell-empty\" ><\/div><\/div><div id=\"pg-499-1\"  class=\"panel-grid panel-no-style\" ><div id=\"pgc-499-1-0\"  class=\"panel-grid-cell\" ><div id=\"panel-499-1-0-0\" class=\"so-panel widget widget_sow-editor panel-first-child panel-last-child\" data-index=\"0\" ><div\n\t\t\t\n\t\t\tclass=\"so-widget-sow-editor so-widget-sow-editor-base\"\n\t\t\t\n\t\t>\n<div class=\"siteorigin-widget-tinymce textwidget\">\n\t<p>Die Liebevolle Kinderzeit betreut Kleinkinder im Alter von 0 bis 3 Jahren. Sie ist ein Ort mit ausgesprochen famili\u00e4ren Charakter, wobei das Kind im Mittelpunkt steht. Jedes Kind erf\u00e4hrt hier eine liebevolle, entwicklungsgerechte und qualifizierte Erziehung. Jedes Kind wird in seiner Individualit\u00e4t gesehen und kann dadurch seine F\u00e4higkeiten, Interessen, Erfahrungen und Kompetenzen entdecken. Das Leitziel der Arbeit ist es, die Kinder zu starken, selbstbewussten und gl\u00fccklichen Pers\u00f6nlichkeiten zu erziehen.<\/p>\n<\/div>\n<\/div><\/div><\/div><\/div><div id=\"pg-499-2\"  class=\"panel-grid panel-no-style\" ><div id=\"pgc-499-2-0\"  class=\"panel-grid-cell\" ><div id=\"panel-499-2-0-0\" class=\"so-panel widget widget_sow-editor panel-first-child panel-last-child\" data-index=\"1\" ><div\n\t\t\t\n\t\t\tclass=\"so-widget-sow-editor so-widget-sow-editor-base\"\n\t\t\t\n\t\t><h3 class=\"widget-title\">Die zwei Einrichtungen<\/h3>\n<div class=\"siteorigin-widget-tinymce textwidget\">\n\t<p>Die Betreuung der Liebevollen Kinderzeit findet an zwei unterschiedlichen Standorten statt. Unsere zwei Einrichtungen sind in:<\/p>\n<ul>\n<li>dem Holunderweg in K\u00f6ln-Junkersdorf und<\/li>\n<li>der Wiethasestra\u00dfe in K\u00f6ln-Braunsfeld.<\/li>\n<\/ul>\n<p>Sie haben die M\u00f6glichkeit uns bei Ihrer Anfrage Ihre bevorzugte Einrichtung mitzuteilen. Wir werden versuchen Ihren Wunsch zu beherzigen.<\/p>\n<\/div>\n<\/div><\/div><\/div><\/div><div id=\"pg-499-3\"  class=\"panel-grid panel-no-style\" ><div id=\"pgc-499-3-0\"  class=\"panel-grid-cell\" ><div id=\"panel-499-3-0-0\" class=\"so-panel widget widget_sow-editor panel-first-child\" data-index=\"2\" ><div\n\t\t\t\n\t\t\tclass=\"so-widget-sow-editor so-widget-sow-editor-base\"\n\t\t\t\n\t\t>\n<div class=\"siteorigin-widget-tinymce textwidget\">\n\t<h3>Mehr erfahren:<\/h3>\n<\/div>\n<\/div><\/div><div id=\"panel-499-3-0-1\" class=\"so-panel widget widget_sow-button\" data-index=\"3\" ><div\n\t\t\t\n\t\t\tclass=\"so-widget-sow-button so-widget-sow-button-flat-f2cdc3ba7737-499\"\n\t\t\t\n\t\t><div class=\"ow-button-base ow-button-align-left\">\n\t<a\n\thref=\"https:\/\/www.liebevolle-kinderzeit.de\/?page_id=14\"\n\t\tclass=\"ow-icon-placement-left ow-button-hover\" \t>\n\t\t<span>\n\t\t\t\n\t\t\tInformationen\t\t<\/span>\n\t<\/a>\n<\/div>\n<\/div><\/div><div id=\"panel-499-3-0-2\" class=\"so-panel widget widget_sow-button\" data-index=\"4\" ><div\n\t\t\t\n\t\t\tclass=\"so-widget-sow-button so-widget-sow-button-flat-f2cdc3ba7737-499\"\n\t\t\t\n\t\t><div class=\"ow-button-base ow-button-align-left\">\n\t<a\n\thref=\"https:\/\/www.liebevolle-kinderzeit.de\/?page_id=608\"\n\t\tclass=\"ow-icon-placement-left ow-button-hover\" \t>\n\t\t<span>\n\t\t\t\n\t\t\tBilder \/ Impressionen\t\t<\/span>\n\t<\/a>\n<\/div>\n<\/div><\/div><div id=\"panel-499-3-0-3\" class=\"so-panel widget widget_sow-button panel-last-child\" data-index=\"5\" ><div\n\t\t\t\n\t\t\tclass=\"so-widget-sow-button so-widget-sow-button-flat-f2cdc3ba7737-499\"\n\t\t\t\n\t\t><div class=\"ow-button-base ow-button-align-left\">\n\t<a\n\thref=\"https:\/\/www.liebevolle-kinderzeit.de\/?page_id=8\"\n\t\tclass=\"ow-icon-placement-left ow-button-hover\" \t>\n\t\t<span>\n\t\t\t\n\t\t\tPersonen\t\t<\/span>\n\t<\/a>\n<\/div>\n<\/div><\/div><\/div><div id=\"pgc-499-3-1\"  class=\"panel-grid-cell\" ><div id=\"panel-499-3-1-0\" class=\"so-panel widget widget_sow-image panel-first-child panel-last-child\" data-index=\"6\" ><div\n\t\t\t\n\t\t\tclass=\"so-widget-sow-image so-widget-sow-image-default-8b5b6f678277-499\"\n\t\t\t\n\t\t>\n\n<div class=\"sow-image-container\">\n\t\t<img decoding=\"async\" src=\"https:\/\/www.liebevolle-kinderzeit.de\/wp-content\/uploads\/2019\/01\/Foto-13.11.18-16-14-56.jpg\" width=\"1242\" height=\"906\" sizes=\"auto, (max-width: 1242px) 100vw, 1242px\" title=\"Foto 13.11.18, 16 14 56\" alt=\"\" loading=\"lazy\" \t\tclass=\"so-widget-image\"\/>\n\t<\/div>\n\n<\/div><\/div><\/div><\/div><\/div>","protected":false},"excerpt":{"rendered":"<p>Die Liebevolle Kinderzeit betreut Kleinkinder im Alter von 0 bis 3 Jahren. Sie ist ein Ort mit ausgesprochen famili\u00e4ren Charakter, wobei das Kind im Mittelpunkt steht. Jedes Kind erf\u00e4hrt hier eine liebevolle, entwicklungsgerechte und qualifizierte Erziehung. Jedes Kind wird in seiner Individualit\u00e4t gesehen und kann dadurch seine F\u00e4higkeiten, Interessen, Erfahrungen und Kompetenzen entdecken. Das Leitziel<\/p>\n<div><a class=\"btn-filled btn\" href=\"https:\/\/www.liebevolle-kinderzeit.de\/?page_id=499\" title=\"\u00dcber uns\">Read More<\/a><\/div>\n","protected":false},"author":4,"featured_media":0,"parent":0,"menu_order":0,"comment_status":"closed","ping_status":"closed","template":"page-templates\/full-width.php","meta":{"footnotes":""},"class_list":["post-499","page","type-page","status-publish","hentry"],"_links":{"self":[{"href":"https:\/\/www.liebevolle-kinderzeit.de\/index.php?rest_route=\/wp\/v2\/pages\/499","targetHints":{"allow":["GET"]}}],"collection":[{"href":"https:\/\/www.liebevolle-kinderzeit.de\/index.php?rest_route=\/wp\/v2\/pages"}],"about":[{"href":"https:\/\/www.liebevolle-kinderzeit.de\/index.php?rest_route=\/wp\/v2\/types\/page"}],"author":[{"embeddable":true,"href":"https:\/\/www.liebevolle-kinderzeit.de\/index.php?rest_route=\/wp\/v2\/users\/4"}],"replies":[{"embeddable":true,"href":"https:\/\/www.liebevolle-kinderzeit.de\/index.php?rest_route=%2Fwp%2Fv2%2Fcomments&post=499"}],"version-history":[{"count":107,"href":"https:\/\/www.liebevolle-kinderzeit.de\/index.php?rest_route=\/wp\/v2\/pages\/499\/revisions"}],"predecessor-version":[{"id":1017,"href":"https:\/\/www.liebevolle-kinderzeit.de\/index.php?rest_route=\/wp\/v2\/pages\/499\/revisions\/1017"}],"wp:attachment":[{"href":"https:\/\/www.liebevolle-kinderzeit.de\/index.php?rest_route=%2Fwp%2Fv2%2Fmedia&parent=499"}],"curies":[{"name":"wp","href":"https:\/\/api.w.org\/{rel}","templated":true}]}}