{"id":8,"date":"2016-04-12T22:17:55","date_gmt":"2016-04-12T20:17:55","guid":{"rendered":"https:\/\/www.liebevolle-kinderzeit.de\/?page_id=8"},"modified":"2024-01-28T14:06:24","modified_gmt":"2024-01-28T13:06:24","slug":"personen","status":"publish","type":"page","link":"https:\/\/www.liebevolle-kinderzeit.de\/?page_id=8","title":{"rendered":"Personen"},"content":{"rendered":"<div id=\"pl-8\"  class=\"panel-layout\" ><div id=\"pg-8-0\"  class=\"panel-grid panel-no-style\" ><div id=\"pgc-8-0-0\"  class=\"panel-grid-cell\" ><div id=\"panel-8-0-0-0\" class=\"so-panel widget widget_sow-editor panel-first-child panel-last-child\" data-index=\"0\" ><div\n\t\t\t\n\t\t\tclass=\"so-widget-sow-editor so-widget-sow-editor-base\"\n\t\t\t\n\t\t>\n<div class=\"siteorigin-widget-tinymce textwidget\">\n\t<p>Der Verein wurde im November 2007 von Christiane Dahl und Dr. Wolfgang Fey ins Leben gerufen.<\/p>\n<h2>Leitung<\/h2>\n<table  class=\" table table-hover\" style=\"height: 264px;\" width=\"425\">\n<tbody>\n<tr>\n<td><img loading=\"lazy\" decoding=\"async\" class=\"wp-image-1030 alignleft\" src=\"https:\/\/www.liebevolle-kinderzeit.de\/wp-content\/uploads\/2024\/01\/26718ca6-d4c2-45a2-aa02-7b2d6535c6b5-186x300.jpg\" alt=\"\" width=\"151\" height=\"243\" \/><\/td>\n<td>\n<div class=\"text\" style=\"padding-left: 30px; text-align: center;\"><strong>Christiane Dahl<\/strong><\/div>\n<div class=\"text\" style=\"padding-left: 30px; text-align: center;\">Diplom-Sozialp\u00e4dagogin<\/div>\n<div class=\"text\" style=\"padding-left: 30px; text-align: center;\">Familienp\u00e4dagogin<\/div>\n<div class=\"text\" style=\"padding-left: 30px; text-align: center;\">Anw\u00e4ltin des Kindes\/Familiengericht<\/div>\n<div class=\"text\" style=\"padding-left: 30px; text-align: center;\">Fachkraft f\u00fcr Inklusion<\/div>\n<\/td>\n<\/tr>\n<\/tbody>\n<\/table>\n<h2>Kooperation<\/h2>\n<table  class=\" table table-hover\" style=\"height: 175px;\" width=\"425\">\n<tbody>\n<tr>\n<td><img loading=\"lazy\" decoding=\"async\" class=\"alignnone wp-image-775 size-full\" src=\"https:\/\/www.liebevolle-kinderzeit.de\/wp-content\/uploads\/2019\/02\/Pf.Fey_-e1706443533538.jpg\" alt=\"\" width=\"106\" height=\"135\" \/><\/td>\n<td>\n<div class=\"text\" style=\"text-align: center;\">\n<div class=\"text\" style=\"text-align: center;\"><strong>Pfarrer Dr. Fey<\/strong><\/div>\n<div class=\"text\" style=\"text-align: center;\">Familienzentrum des<\/div>\n<div class=\"text\" style=\"text-align: center;\">Kirchen-<br \/>\ngemeinschafts-<br \/>\nverbandes<\/div>\n<div class=\"text\" style=\"text-align: center;\">Junkersdorf,<br \/>\nM\u00fcngersdorf und<\/div>\n<div class=\"text\" style=\"text-align: center;\">Braunsfeld<\/div>\n<\/div>\n<\/td>\n<\/tr>\n<\/tbody>\n<\/table>\n<h2>Gr\u00fcndungsmitglied<\/h2>\n<table  class=\" table table-hover\" style=\"height: 175px;\" width=\"425\">\n<tbody>\n<tr>\n<td><img loading=\"lazy\" decoding=\"async\" class=\"wp-image-402 alignnone\" src=\"https:\/\/www.liebevolle-kinderzeit.de\/wp-content\/uploads\/2016\/04\/IMG_6438klein-e1706443582527.jpg\" alt=\"\" width=\"105\" height=\"135\" \/><\/td>\n<td>\n<div class=\"text\" style=\"text-align: center;\"><strong>Janet <\/strong><strong>Mohammadi Talafgardi<\/strong><\/div>\n<div class=\"text\" style=\"text-align: center;\">Fachkraft f\u00fcr U3<\/div>\n<\/td>\n<\/tr>\n<\/tbody>\n<\/table>\n<p><strong>Andrea Hoffmann<\/strong><br \/>\nLeitung Kindertagesst\u00e4tte St.\u00a0Vitalis<\/p>\n<p><strong>Monika J\u00e4ger<\/strong><br \/>\nStellv. Leitung Kindertagesst\u00e4tte St.\u00a0Vitalis<\/p>\n<h2>Liebevolle Kinderzeit e.V.<\/h2>\n<p><strong>Dr. Holger Dahl<\/strong><br \/>\n1. Vorsitzender des Vorstands<\/p>\n<p><strong>Nader Alibazi<\/strong><br \/>\n2. Vorsitzender des Vorstands<\/p>\n<\/div>\n<\/div><\/div><\/div><\/div><\/div>","protected":false},"excerpt":{"rendered":"<p>Der Verein wurde im November 2007 von Christiane Dahl und Dr. Wolfgang Fey ins Leben gerufen. Leitung Christiane Dahl Diplom-Sozialp\u00e4dagogin Familienp\u00e4dagogin Anw\u00e4ltin des Kindes\/Familiengericht Fachkraft f\u00fcr Inklusion Kooperation Pfarrer Dr. Fey Familienzentrum des Kirchen- gemeinschafts- verbandes Junkersdorf, M\u00fcngersdorf und Braunsfeld Gr\u00fcndungsmitglied Janet Mohammadi Talafgardi Fachkraft f\u00fcr U3 Andrea Hoffmann Leitung Kindertagesst\u00e4tte St.\u00a0Vitalis Monika J\u00e4ger Stellv.<\/p>\n<div><a class=\"btn-filled btn\" href=\"https:\/\/www.liebevolle-kinderzeit.de\/?page_id=8\" title=\"Personen\">Read More<\/a><\/div>\n","protected":false},"author":1,"featured_media":0,"parent":0,"menu_order":2,"comment_status":"closed","ping_status":"closed","template":"","meta":{"footnotes":""},"class_list":["post-8","page","type-page","status-publish","hentry"],"_links":{"self":[{"href":"https:\/\/www.liebevolle-kinderzeit.de\/index.php?rest_route=\/wp\/v2\/pages\/8","targetHints":{"allow":["GET"]}}],"collection":[{"href":"https:\/\/www.liebevolle-kinderzeit.de\/index.php?rest_route=\/wp\/v2\/pages"}],"about":[{"href":"https:\/\/www.liebevolle-kinderzeit.de\/index.php?rest_route=\/wp\/v2\/types\/page"}],"author":[{"embeddable":true,"href":"https:\/\/www.liebevolle-kinderzeit.de\/index.php?rest_route=\/wp\/v2\/users\/1"}],"replies":[{"embeddable":true,"href":"https:\/\/www.liebevolle-kinderzeit.de\/index.php?rest_route=%2Fwp%2Fv2%2Fcomments&post=8"}],"version-history":[{"count":57,"href":"https:\/\/www.liebevolle-kinderzeit.de\/index.php?rest_route=\/wp\/v2\/pages\/8\/revisions"}],"predecessor-version":[{"id":1058,"href":"https:\/\/www.liebevolle-kinderzeit.de\/index.php?rest_route=\/wp\/v2\/pages\/8\/revisions\/1058"}],"wp:attachment":[{"href":"https:\/\/www.liebevolle-kinderzeit.de\/index.php?rest_route=%2Fwp%2Fv2%2Fmedia&parent=8"}],"curies":[{"name":"wp","href":"https:\/\/api.w.org\/{rel}","templated":true}]}}